{"id":1149,"date":"2024-02-25T14:30:17","date_gmt":"2024-02-25T18:30:17","guid":{"rendered":"http:\/\/gpsanbartolome.gob.ec\/azuay\/?page_id=1149"},"modified":"2026-02-02T13:13:32","modified_gmt":"2026-02-02T17:13:32","slug":"reglamentos","status":"publish","type":"page","link":"https:\/\/gpsanbartolome.gob.ec\/azuay\/reglamentos\/","title":{"rendered":"Reglamentos"},"content":{"rendered":"<p><span style=\"font-size: 18pt;\"><strong>REGLAMENTOS DEL GOBIERNO AUT\u00d3NOMO DESCENTRALIZADO PARROQUIAL SAN BARTOLOM\u00c9.<\/strong><\/span><\/p>\n<p><a href=\"https:\/\/gpsanbartolome.gob.ec\/azuay\/wp-content\/uploads\/2026\/02\/REGLAMENTO-ELECCION-DE-LA-REINA-DE-SAN-BARTOLOME.pdf\">REGLAMENTO PARA LA ELECCI\u00d3N DE REINA DE SAN BARTOLOM\u00c9<\/a><\/p>\n<p><a href=\"https:\/\/gpsanbartolome.gob.ec\/azuay\/wp-content\/uploads\/2023\/06\/REGLAMENTO-ADMINISTRACION-DE-TALENTO-HUMANO.pdf\">REGLAMENTO ADMINISTRACI\u00d3N DE TALENTO HUMANO<\/a><\/p>\n<p><a href=\"https:\/\/gpsanbartolome.gob.ec\/azuay\/wp-content\/uploads\/2023\/06\/ORGANICO-FUNCIONAL-POR-PROCESOS-SAN-BARTOLOME.pdf\">ORGANICO FUNCIONAL POR PROCESOS SAN BARTOLOM\u00c9<\/a><\/p>\n<p><a href=\"https:\/\/gpsanbartolome.gob.ec\/azuay\/wp-content\/uploads\/2025\/03\/REGLAMENTO-DE-ELECCION-REINA-DE-SAN-BARTOLOME.pdf\">REGLAMENTO DE ELECCI\u00d3N REINA DE SAN BARTOLOM\u00c9 2025.<\/a><\/p>\n<p><a href=\"https:\/\/gpsanbartolome.gob.ec\/azuay\/wp-content\/uploads\/2024\/02\/REGLAMENTO-ELECCION-DE-LA-REINA-2024.pdf\">REGLAMENTO ELECCION DE LA REINA 2024<\/a><\/p>\n<p><a href=\"https:\/\/gpsanbartolome.gob.ec\/azuay\/wp-content\/uploads\/2023\/02\/REGLAMENTO-ELECCION-DE-LA-REINA-2023.pdf\">REGLAMENTO ELECCI\u00d3N DE LA REINA 2023<\/a><\/p>\n<p><a href=\"https:\/\/gpsanbartolome.gob.ec\/azuay\/wp-content\/uploads\/2025\/02\/REGLAMENTO-CEMENTERIO-GENERAL-SAN-BARTOLOME-.pdf\">REGLAMENTO CEMENTERIO GENERAL SAN BARTOLOM\u00c9<\/a><\/p>\n<p><a href=\"http:\/\/gpsanbartolome.gob.ec\/azuay\/wp-content\/uploads\/2017\/11\/REGLAMENTO-DE-BIENES-DE-USO-PUBLICO.pdf\">REGLAMENTO DE BIENES DE USO PUBLICO<\/a><\/p>\n<p><a href=\"http:\/\/gpsanbartolome.gob.ec\/azuay\/wp-content\/uploads\/2017\/11\/REGLAMENTO-INTERNO-ADMINISTRACION-TALENTO-HUMANO.pdf\">REGLAMENTO INTERNO ADMINISTRACION TALENTO HUMANO<\/a><\/p>\n<p><a href=\"http:\/\/gpsanbartolome.gob.ec\/azuay\/wp-content\/uploads\/2017\/11\/REGLAMENTO-PARTICIPACION-CIUDADANA.pdf\">REGLAMENTO PARTICIPACION CIUDADANA<\/a><\/p>\n<p><a href=\"http:\/\/gpsanbartolome.gob.ec\/azuay\/wp-content\/uploads\/2017\/11\/ACTOS-DECISORIOS-SAN-BARTOLOM\u00c9.pdf\">ACTOS DECISORIOS SAN BARTOLOM\u00c9<\/a> <a href=\"http:\/\/gpsanbartolome.gob.ec\/azuay\/wp-content\/uploads\/2017\/11\/ESTATUTO-ORGANICO-FUNCIONAL-POR-PROCESOS.pdf\">ESTATUTO<\/a><\/p>\n<p><a href=\"http:\/\/gpsanbartolome.gob.ec\/azuay\/wp-content\/uploads\/2017\/11\/ESTATUTO-ORGANICO-FUNCIONAL-POR-PROCESOS.pdf\">ORGANICO FUNCIONAL POR PROCESOS<\/a><\/p>\n<p>&nbsp;<\/p>\n","protected":false},"excerpt":{"rendered":"<p>REGLAMENTOS DEL GOBIERNO AUT\u00d3NOMO DESCENTRALIZADO PARROQUIAL SAN BARTOLOM\u00c9. REGLAMENTO PARA LA ELECCI\u00d3N DE REINA DE SAN BARTOLOM\u00c9 REGLAMENTO ADMINISTRACI\u00d3N DE TALENTO HUMANO ORGANICO FUNCIONAL POR PROCESOS SAN BARTOLOM\u00c9 REGLAMENTO DE ELECCI\u00d3N REINA DE SAN BARTOLOM\u00c9 2025. REGLAMENTO ELECCION DE LA REINA 2024 REGLAMENTO ELECCI\u00d3N DE LA REINA 2023 REGLAMENTO CEMENTERIO GENERAL SAN BARTOLOM\u00c9 REGLAMENTO DE [&hellip;]<\/p>\n","protected":false},"author":6,"featured_media":0,"parent":0,"menu_order":0,"comment_status":"closed","ping_status":"closed","template":"","meta":{"_joinchat":[],"footnotes":""},"yst_prominent_words":[133,175,132,108],"class_list":["post-1149","page","type-page","status-publish","hentry"],"_links":{"self":[{"href":"https:\/\/gpsanbartolome.gob.ec\/azuay\/wp-json\/wp\/v2\/pages\/1149","targetHints":{"allow":["GET"]}}],"collection":[{"href":"https:\/\/gpsanbartolome.gob.ec\/azuay\/wp-json\/wp\/v2\/pages"}],"about":[{"href":"https:\/\/gpsanbartolome.gob.ec\/azuay\/wp-json\/wp\/v2\/types\/page"}],"author":[{"embeddable":true,"href":"https:\/\/gpsanbartolome.gob.ec\/azuay\/wp-json\/wp\/v2\/users\/6"}],"replies":[{"embeddable":true,"href":"https:\/\/gpsanbartolome.gob.ec\/azuay\/wp-json\/wp\/v2\/comments?post=1149"}],"version-history":[{"count":16,"href":"https:\/\/gpsanbartolome.gob.ec\/azuay\/wp-json\/wp\/v2\/pages\/1149\/revisions"}],"predecessor-version":[{"id":3154,"href":"https:\/\/gpsanbartolome.gob.ec\/azuay\/wp-json\/wp\/v2\/pages\/1149\/revisions\/3154"}],"wp:attachment":[{"href":"https:\/\/gpsanbartolome.gob.ec\/azuay\/wp-json\/wp\/v2\/media?parent=1149"}],"wp:term":[{"taxonomy":"yst_prominent_words","embeddable":true,"href":"https:\/\/gpsanbartolome.gob.ec\/azuay\/wp-json\/wp\/v2\/yst_prominent_words?post=1149"}],"curies":[{"name":"wp","href":"https:\/\/api.w.org\/{rel}","templated":true}]}}