{"id":21,"date":"2014-10-24T02:10:00","date_gmt":"2014-10-24T02:10:00","guid":{"rendered":"http:\/\/gpsanbartolome.gob.ec\/azuay\/?page_id=21"},"modified":"2020-05-24T13:12:51","modified_gmt":"2020-05-24T17:12:51","slug":"ultimas-noticias","status":"publish","type":"page","link":"https:\/\/gpsanbartolome.gob.ec\/azuay\/ultimas-noticias\/","title":{"rendered":"Ultimas Noticias"},"content":{"rendered":"\t\t<div data-elementor-type=\"wp-page\" data-elementor-id=\"21\" class=\"elementor elementor-21\" data-elementor-settings=\"[]\">\n\t\t\t<div class=\"elementor-inner\">\n\t\t\t\t<div class=\"elementor-section-wrap\">\n\t\t\t\t\t\t\t<section class=\"elementor-element elementor-element-6fa2e174 elementor-section-boxed elementor-section-height-default elementor-section-height-default elementor-section elementor-top-section\" data-id=\"6fa2e174\" data-element_type=\"section\">\n\t\t\t\t\t\t<div class=\"elementor-container elementor-column-gap-default\">\n\t\t\t\t<div class=\"elementor-row\">\n\t\t\t\t<div class=\"elementor-element elementor-element-fbe3f5d elementor-column elementor-col-100 elementor-top-column\" data-id=\"fbe3f5d\" data-element_type=\"column\">\n\t\t\t<div class=\"elementor-column-wrap  elementor-element-populated\">\n\t\t\t\t\t<div class=\"elementor-widget-wrap\">\n\t\t\t\t<div class=\"elementor-element elementor-element-93c7c3b elementor-grid-3 elementor-grid-tablet-2 elementor-grid-mobile-1 elementor-posts--thumbnail-top elementor-card-shadow-yes elementor-posts__hover-gradient elementor-widget elementor-widget-posts\" data-id=\"93c7c3b\" data-element_type=\"widget\" data-settings=\"{&quot;cards_columns&quot;:&quot;3&quot;,&quot;cards_columns_tablet&quot;:&quot;2&quot;,&quot;cards_columns_mobile&quot;:&quot;1&quot;,&quot;cards_row_gap&quot;:{&quot;unit&quot;:&quot;px&quot;,&quot;size&quot;:35,&quot;sizes&quot;:[]}}\" data-widget_type=\"posts.cards\">\n\t\t\t\t<div class=\"elementor-widget-container\">\n\t\t\t\t\t<div class=\"elementor-posts-container elementor-posts elementor-posts--skin-cards elementor-grid\">\n\t\t\t\t<article class=\"elementor-post elementor-grid-item post-3085 post type-post status-publish format-standard hentry category-sin-categoria\">\n\t\t\t<div class=\"elementor-post__card\">\n\t\t\t\t<div class=\"elementor-post__text\">\n\t\t\t\t<h3 class=\"elementor-post__title\">\n\t\t\t<a href=\"https:\/\/gpsanbartolome.gob.ec\/azuay\/ofertas-laborales\/\">\n\t\t\t\tOFERTAS LABORALES\t\t\t<\/a>\n\t\t<\/h3>\n\t\t\t\t<div class=\"elementor-post__excerpt\">\n\t\t\t\t\t<\/div>\n\t\t\t\t\t<a class=\"elementor-post__read-more\" href=\"https:\/\/gpsanbartolome.gob.ec\/azuay\/ofertas-laborales\/\">\n\t\t\t\tleer m\u00e1s \u00bb\t\t\t<\/a>\n\t\t\t\t<\/div>\n\t\t\t\t<div class=\"elementor-post__meta-data\">\n\t\t\t\t\t<span class=\"elementor-post-date\">\n\t\t\t11 julio, 2024\t\t<\/span>\n\t\t\t\t<\/div>\n\t\t\t\t\t<\/div>\n\t\t<\/article>\n\t\t\t\t<article class=\"elementor-post elementor-grid-item post-2855 post type-post status-publish format-standard has-post-thumbnail hentry category-sin-categoria\">\n\t\t\t<div class=\"elementor-post__card\">\n\t\t\t\t<a class=\"elementor-post__thumbnail__link\" href=\"https:\/\/gpsanbartolome.gob.ec\/azuay\/proyecto-dialogos-intergeneracionales-jovenes-y-espacio-publico-y-comunitario\/\">\n\t\t\t<div class=\"elementor-post__thumbnail\"><img loading=\"lazy\" decoding=\"async\" width=\"550\" height=\"576\" src=\"https:\/\/gpsanbartolome.gob.ec\/azuay\/wp-content\/uploads\/2022\/10\/oferta-laboral-jovenes-550x576.jpg\" class=\"attachment-medium size-medium\" alt=\"\" srcset=\"https:\/\/gpsanbartolome.gob.ec\/azuay\/wp-content\/uploads\/2022\/10\/oferta-laboral-jovenes-550x576.jpg 550w, https:\/\/gpsanbartolome.gob.ec\/azuay\/wp-content\/uploads\/2022\/10\/oferta-laboral-jovenes-977x1024.jpg 977w, https:\/\/gpsanbartolome.gob.ec\/azuay\/wp-content\/uploads\/2022\/10\/oferta-laboral-jovenes-768x805.jpg 768w, https:\/\/gpsanbartolome.gob.ec\/azuay\/wp-content\/uploads\/2022\/10\/oferta-laboral-jovenes-1466x1536.jpg 1466w, https:\/\/gpsanbartolome.gob.ec\/azuay\/wp-content\/uploads\/2022\/10\/oferta-laboral-jovenes-1954x2048.jpg 1954w\" sizes=\"auto, (max-width: 550px) 100vw, 550px\" \/><\/div>\n\t\t<\/a>\n\t\t\t\t<div class=\"elementor-post__text\">\n\t\t\t\t<h3 class=\"elementor-post__title\">\n\t\t\t<a href=\"https:\/\/gpsanbartolome.gob.ec\/azuay\/proyecto-dialogos-intergeneracionales-jovenes-y-espacio-publico-y-comunitario\/\">\n\t\t\t\tOFERTA LABORAL\t\t\t<\/a>\n\t\t<\/h3>\n\t\t\t\t<div class=\"elementor-post__excerpt\">\n\t\t\t<p>El GAD parroquial de San Bartolom\u00e9 requiere contratar:<\/p>\n\t\t<\/div>\n\t\t\t\t\t<a class=\"elementor-post__read-more\" href=\"https:\/\/gpsanbartolome.gob.ec\/azuay\/proyecto-dialogos-intergeneracionales-jovenes-y-espacio-publico-y-comunitario\/\">\n\t\t\t\tleer m\u00e1s \u00bb\t\t\t<\/a>\n\t\t\t\t<\/div>\n\t\t\t\t<div class=\"elementor-post__meta-data\">\n\t\t\t\t\t<span class=\"elementor-post-date\">\n\t\t\t13 octubre, 2022\t\t<\/span>\n\t\t\t\t<\/div>\n\t\t\t\t\t<\/div>\n\t\t<\/article>\n\t\t\t\t<article class=\"elementor-post elementor-grid-item post-2793 post type-post status-publish format-standard has-post-thumbnail hentry category-sin-categoria tag-periodo-fiscal-2021 tag-rendicion-de-cuentas\">\n\t\t\t<div class=\"elementor-post__card\">\n\t\t\t\t<a class=\"elementor-post__thumbnail__link\" href=\"https:\/\/gpsanbartolome.gob.ec\/azuay\/rendicion-de-cuentas-periodo-fiscal-2021\/\">\n\t\t\t<div class=\"elementor-post__thumbnail\"><img loading=\"lazy\" decoding=\"async\" width=\"550\" height=\"389\" src=\"https:\/\/gpsanbartolome.gob.ec\/azuay\/wp-content\/uploads\/2022\/05\/Invitacion-RC-2021-550x389.jpeg\" class=\"attachment-medium size-medium\" alt=\"\" srcset=\"https:\/\/gpsanbartolome.gob.ec\/azuay\/wp-content\/uploads\/2022\/05\/Invitacion-RC-2021-550x389.jpeg 550w, https:\/\/gpsanbartolome.gob.ec\/azuay\/wp-content\/uploads\/2022\/05\/Invitacion-RC-2021-1024x724.jpeg 1024w, https:\/\/gpsanbartolome.gob.ec\/azuay\/wp-content\/uploads\/2022\/05\/Invitacion-RC-2021-768x543.jpeg 768w, https:\/\/gpsanbartolome.gob.ec\/azuay\/wp-content\/uploads\/2022\/05\/Invitacion-RC-2021.jpeg 1080w\" sizes=\"auto, (max-width: 550px) 100vw, 550px\" \/><\/div>\n\t\t<\/a>\n\t\t\t\t<div class=\"elementor-post__text\">\n\t\t\t\t<h3 class=\"elementor-post__title\">\n\t\t\t<a href=\"https:\/\/gpsanbartolome.gob.ec\/azuay\/rendicion-de-cuentas-periodo-fiscal-2021\/\">\n\t\t\t\tRENDICI\u00d3N DE CUENTAS PER\u00cdODO FISCAL 2021\t\t\t<\/a>\n\t\t<\/h3>\n\t\t\t\t<div class=\"elementor-post__excerpt\">\n\t\t\t<p>RENDICI\u00d3N DE CUENTAS Per\u00edodo Fiscal A\u00f1o 2021 El Gad Parroquial San Bartolom\u00e9 invita a l\u00edderes comunitarios, presidentes barriales y todo el p\u00fablico en general a<\/p>\n\t\t<\/div>\n\t\t\t\t\t<a class=\"elementor-post__read-more\" href=\"https:\/\/gpsanbartolome.gob.ec\/azuay\/rendicion-de-cuentas-periodo-fiscal-2021\/\">\n\t\t\t\tleer m\u00e1s \u00bb\t\t\t<\/a>\n\t\t\t\t<\/div>\n\t\t\t\t<div class=\"elementor-post__meta-data\">\n\t\t\t\t\t<span class=\"elementor-post-date\">\n\t\t\t26 abril, 2022\t\t<\/span>\n\t\t\t\t<\/div>\n\t\t\t\t\t<\/div>\n\t\t<\/article>\n\t\t\t\t<article class=\"elementor-post elementor-grid-item post-2643 post type-post status-publish format-standard has-post-thumbnail hentry category-sin-categoria\">\n\t\t\t<div class=\"elementor-post__card\">\n\t\t\t\t<a class=\"elementor-post__thumbnail__link\" href=\"https:\/\/gpsanbartolome.gob.ec\/azuay\/operador-de-retroexcavadora\/\">\n\t\t\t<div class=\"elementor-post__thumbnail\"><img loading=\"lazy\" decoding=\"async\" width=\"550\" height=\"615\" src=\"https:\/\/gpsanbartolome.gob.ec\/azuay\/wp-content\/uploads\/2022\/01\/retroexcavadora2-550x615.jpg\" class=\"attachment-medium size-medium\" alt=\"\" srcset=\"https:\/\/gpsanbartolome.gob.ec\/azuay\/wp-content\/uploads\/2022\/01\/retroexcavadora2-550x615.jpg 550w, https:\/\/gpsanbartolome.gob.ec\/azuay\/wp-content\/uploads\/2022\/01\/retroexcavadora2.jpg 699w\" sizes=\"auto, (max-width: 550px) 100vw, 550px\" \/><\/div>\n\t\t<\/a>\n\t\t\t\t<div class=\"elementor-post__text\">\n\t\t\t\t<h3 class=\"elementor-post__title\">\n\t\t\t<a href=\"https:\/\/gpsanbartolome.gob.ec\/azuay\/operador-de-retroexcavadora\/\">\n\t\t\t\tOPERADOR DE RETROEXCAVADORA\t\t\t<\/a>\n\t\t<\/h3>\n\t\t\t\t<div class=\"elementor-post__excerpt\">\n\t\t\t<p>OFERTA LABORAL PARA OPERADOR DE RETROEXCAVADORA REQUISITOS &#8211; Poseer t\u00edtulo de bachiller &#8211; Licencia tipo G &#8211; Contar con al menos 15 puntos en la<\/p>\n\t\t<\/div>\n\t\t\t\t\t<a class=\"elementor-post__read-more\" href=\"https:\/\/gpsanbartolome.gob.ec\/azuay\/operador-de-retroexcavadora\/\">\n\t\t\t\tleer m\u00e1s \u00bb\t\t\t<\/a>\n\t\t\t\t<\/div>\n\t\t\t\t<div class=\"elementor-post__meta-data\">\n\t\t\t\t\t<span class=\"elementor-post-date\">\n\t\t\t24 enero, 2022\t\t<\/span>\n\t\t\t\t<\/div>\n\t\t\t\t\t<\/div>\n\t\t<\/article>\n\t\t\t\t<article class=\"elementor-post elementor-grid-item post-2486 post type-post status-publish format-standard has-post-thumbnail hentry category-sin-categoria tag-adulto-mayor tag-falicitador tag-servicio\">\n\t\t\t<div class=\"elementor-post__card\">\n\t\t\t\t<a class=\"elementor-post__thumbnail__link\" href=\"https:\/\/gpsanbartolome.gob.ec\/azuay\/oferta-de-empleo\/\">\n\t\t\t<div class=\"elementor-post__thumbnail\"><img loading=\"lazy\" decoding=\"async\" width=\"550\" height=\"579\" src=\"https:\/\/gpsanbartolome.gob.ec\/azuay\/wp-content\/uploads\/2022\/01\/Facilitador2022-1-550x579.jpg\" class=\"attachment-medium size-medium\" alt=\"\" srcset=\"https:\/\/gpsanbartolome.gob.ec\/azuay\/wp-content\/uploads\/2022\/01\/Facilitador2022-1-550x579.jpg 550w, https:\/\/gpsanbartolome.gob.ec\/azuay\/wp-content\/uploads\/2022\/01\/Facilitador2022-1-768x809.jpg 768w, https:\/\/gpsanbartolome.gob.ec\/azuay\/wp-content\/uploads\/2022\/01\/Facilitador2022-1.jpg 827w\" sizes=\"auto, (max-width: 550px) 100vw, 550px\" \/><\/div>\n\t\t<\/a>\n\t\t\t\t<div class=\"elementor-post__text\">\n\t\t\t\t<h3 class=\"elementor-post__title\">\n\t\t\t<a href=\"https:\/\/gpsanbartolome.gob.ec\/azuay\/oferta-de-empleo\/\">\n\t\t\t\tOFERTA DE EMPLEO\t\t\t<\/a>\n\t\t<\/h3>\n\t\t\t\t<div class=\"elementor-post__excerpt\">\n\t\t\t<p>OFERTA DE EMPLEO El GAD parroquial de San Bartolom\u00e9 requiere contratar \u2611 a un facilitador \ud83e\uddd1o facilitadora\ud83d\udc69\u200d\ud83e\uddb0 los servicios de ATENCI\u00d3N y CUIDADO a la<\/p>\n\t\t<\/div>\n\t\t\t\t\t<a class=\"elementor-post__read-more\" href=\"https:\/\/gpsanbartolome.gob.ec\/azuay\/oferta-de-empleo\/\">\n\t\t\t\tleer m\u00e1s \u00bb\t\t\t<\/a>\n\t\t\t\t<\/div>\n\t\t\t\t<div class=\"elementor-post__meta-data\">\n\t\t\t\t\t<span class=\"elementor-post-date\">\n\t\t\t11 enero, 2022\t\t<\/span>\n\t\t\t\t<\/div>\n\t\t\t\t\t<\/div>\n\t\t<\/article>\n\t\t\t\t<article class=\"elementor-post elementor-grid-item post-1747 post type-post status-publish format-standard hentry category-sin-categoria\">\n\t\t\t<div class=\"elementor-post__card\">\n\t\t\t\t<div class=\"elementor-post__text\">\n\t\t\t\t<h3 class=\"elementor-post__title\">\n\t\t\t<a href=\"https:\/\/gpsanbartolome.gob.ec\/azuay\/galeria-fotografica\/\">\n\t\t\t\tGaler\u00eda Fotografica\t\t\t<\/a>\n\t\t<\/h3>\n\t\t\t\t<div class=\"elementor-post__excerpt\">\n\t\t\t\t\t<\/div>\n\t\t\t\t\t<a class=\"elementor-post__read-more\" href=\"https:\/\/gpsanbartolome.gob.ec\/azuay\/galeria-fotografica\/\">\n\t\t\t\tleer m\u00e1s \u00bb\t\t\t<\/a>\n\t\t\t\t<\/div>\n\t\t\t\t<div class=\"elementor-post__meta-data\">\n\t\t\t\t\t<span class=\"elementor-post-date\">\n\t\t\t16 septiembre, 2019\t\t<\/span>\n\t\t\t\t<\/div>\n\t\t\t\t\t<\/div>\n\t\t<\/article>\n\t\t\t\t<\/div>\n\t\t\t\t<\/div>\n\t\t\t\t<\/div>\n\t\t\t\t<div class=\"elementor-element elementor-element-5c99b6a3 elementor-widget elementor-widget-text-editor\" data-id=\"5c99b6a3\" data-element_type=\"widget\" data-widget_type=\"text-editor.default\">\n\t\t\t\t<div class=\"elementor-widget-container\">\n\t\t\t\t\t<div class=\"elementor-text-editor elementor-clearfix\"><a href=\"http:\/\/gpsanbartolome.gob.ec\/azuay\/wp-content\/uploads\/2014\/10\/DSC09544.jpg\"><img loading=\"lazy\" decoding=\"async\" class=\"alignnone size-medium wp-image-222\" src=\"http:\/\/gpsanbartolome.gob.ec\/azuay\/wp-content\/uploads\/2014\/10\/DSC09544-300x225.jpg\" alt=\"VIAJE BAJO ALTO ADULTO MAYOR \" width=\"300\" height=\"225\" data-id=\"222\" srcset=\"https:\/\/gpsanbartolome.gob.ec\/azuay\/wp-content\/uploads\/2014\/10\/DSC09544-300x225.jpg 300w, https:\/\/gpsanbartolome.gob.ec\/azuay\/wp-content\/uploads\/2014\/10\/DSC09544.jpg 700w\" sizes=\"auto, (max-width: 300px) 100vw, 300px\" \/><\/a><a href=\"http:\/\/gpsanbartolome.gob.ec\/azuay\/wp-content\/uploads\/2014\/10\/DSC09528.jpg\"><img loading=\"lazy\" decoding=\"async\" class=\"alignnone size-medium wp-image-220\" src=\"http:\/\/gpsanbartolome.gob.ec\/azuay\/wp-content\/uploads\/2014\/10\/DSC09528-300x225.jpg\" alt=\"VIAJE BAJO ALTO ADULTO MAYOR \" width=\"300\" height=\"225\" data-id=\"220\" srcset=\"https:\/\/gpsanbartolome.gob.ec\/azuay\/wp-content\/uploads\/2014\/10\/DSC09528-300x225.jpg 300w, https:\/\/gpsanbartolome.gob.ec\/azuay\/wp-content\/uploads\/2014\/10\/DSC09528.jpg 700w\" sizes=\"auto, (max-width: 300px) 100vw, 300px\" \/><\/a><a href=\"http:\/\/gpsanbartolome.gob.ec\/azuay\/wp-content\/uploads\/2014\/10\/DSC09524.jpg\"><img loading=\"lazy\" decoding=\"async\" class=\"alignnone size-medium wp-image-219\" src=\"http:\/\/gpsanbartolome.gob.ec\/azuay\/wp-content\/uploads\/2014\/10\/DSC09524-300x225.jpg\" alt=\"VIAJE BAJO ALTO ADULTO MAYOR \" width=\"300\" height=\"225\" data-id=\"219\" srcset=\"https:\/\/gpsanbartolome.gob.ec\/azuay\/wp-content\/uploads\/2014\/10\/DSC09524-300x225.jpg 300w, https:\/\/gpsanbartolome.gob.ec\/azuay\/wp-content\/uploads\/2014\/10\/DSC09524.jpg 700w\" sizes=\"auto, (max-width: 300px) 100vw, 300px\" \/><\/a><a href=\"http:\/\/gpsanbartolome.gob.ec\/azuay\/wp-content\/uploads\/2014\/10\/DSC09589.jpg\"><img loading=\"lazy\" decoding=\"async\" class=\"alignnone size-medium wp-image-223\" src=\"http:\/\/gpsanbartolome.gob.ec\/azuay\/wp-content\/uploads\/2014\/10\/DSC09589-300x225.jpg\" alt=\"VIAJE BAJO ALTO ADULTO MAYOR \" width=\"300\" height=\"225\" data-id=\"223\" srcset=\"https:\/\/gpsanbartolome.gob.ec\/azuay\/wp-content\/uploads\/2014\/10\/DSC09589-300x225.jpg 300w, https:\/\/gpsanbartolome.gob.ec\/azuay\/wp-content\/uploads\/2014\/10\/DSC09589.jpg 700w\" sizes=\"auto, (max-width: 300px) 100vw, 300px\" \/><\/a><\/div>\n\t\t\t\t<\/div>\n\t\t\t\t<\/div>\n\t\t\t\t\t\t<\/div>\n\t\t\t<\/div>\n\t\t<\/div>\n\t\t\t\t\t\t<\/div>\n\t\t\t<\/div>\n\t\t<\/section>\n\t\t\t\t\t\t<\/div>\n\t\t\t<\/div>\n\t\t<\/div>\n\t\t","protected":false},"excerpt":{"rendered":"","protected":false},"author":6,"featured_media":0,"parent":0,"menu_order":0,"comment_status":"closed","ping_status":"open","template":"","meta":{"_joinchat":[],"footnotes":""},"yst_prominent_words":[],"class_list":["post-21","page","type-page","status-publish","hentry"],"_links":{"self":[{"href":"https:\/\/gpsanbartolome.gob.ec\/azuay\/wp-json\/wp\/v2\/pages\/21","targetHints":{"allow":["GET"]}}],"collection":[{"href":"https:\/\/gpsanbartolome.gob.ec\/azuay\/wp-json\/wp\/v2\/pages"}],"about":[{"href":"https:\/\/gpsanbartolome.gob.ec\/azuay\/wp-json\/wp\/v2\/types\/page"}],"author":[{"embeddable":true,"href":"https:\/\/gpsanbartolome.gob.ec\/azuay\/wp-json\/wp\/v2\/users\/6"}],"replies":[{"embeddable":true,"href":"https:\/\/gpsanbartolome.gob.ec\/azuay\/wp-json\/wp\/v2\/comments?post=21"}],"version-history":[{"count":3,"href":"https:\/\/gpsanbartolome.gob.ec\/azuay\/wp-json\/wp\/v2\/pages\/21\/revisions"}],"predecessor-version":[{"id":1862,"href":"https:\/\/gpsanbartolome.gob.ec\/azuay\/wp-json\/wp\/v2\/pages\/21\/revisions\/1862"}],"wp:attachment":[{"href":"https:\/\/gpsanbartolome.gob.ec\/azuay\/wp-json\/wp\/v2\/media?parent=21"}],"wp:term":[{"taxonomy":"yst_prominent_words","embeddable":true,"href":"https:\/\/gpsanbartolome.gob.ec\/azuay\/wp-json\/wp\/v2\/yst_prominent_words?post=21"}],"curies":[{"name":"wp","href":"https:\/\/api.w.org\/{rel}","templated":true}]}}