{"id":2422,"date":"2022-01-07T10:46:53","date_gmt":"2022-01-07T14:46:53","guid":{"rendered":"https:\/\/gpsanbartolome.gob.ec\/azuay\/?page_id=2422"},"modified":"2022-05-31T03:16:10","modified_gmt":"2022-05-31T07:16:10","slug":"redicion-de-cuentas-2022","status":"publish","type":"page","link":"https:\/\/gpsanbartolome.gob.ec\/azuay\/redicion-de-cuentas-2022\/","title":{"rendered":"Redici\u00f3n de Cuentas 2022"},"content":{"rendered":"<p><strong>RENDICION DE CUENTAS<\/strong> DEL GAD PARROQUIAL DE SAN BARTOLOM\u00c9 DEL A\u00d1O 2021.<\/p>\n<p>PRESUPUESTO INSTITUCIONAL 2021<br \/>\n<a href=\"https:\/\/gpsanbartolome.gob.ec\/azuay\/wp-content\/uploads\/2022\/05\/Presupuesto-institucional-2021.pdf\">Presupuesto institucional 2021<\/a><\/p>\n<p>INVITACI\u00d3N RENDICI\u00d3N DE CUENTAS 2021<br \/>\n<a href=\"https:\/\/m.facebook.com\/story.php?story_fbid=1854235544966422&amp;id=100011399848132\">https:\/\/m.facebook.com\/story.php?story_fbid=1854235544966422&amp;id=100011399848132<\/a><br \/>\n<img loading=\"lazy\" decoding=\"async\" class=\"alignnone size-medium wp-image-2844\" src=\"https:\/\/gpsanbartolome.gob.ec\/azuay\/wp-content\/uploads\/2022\/05\/Invitacion-RC-2021-550x389.jpeg\" alt=\"\" width=\"550\" height=\"389\" data-id=\"2844\" srcset=\"https:\/\/gpsanbartolome.gob.ec\/azuay\/wp-content\/uploads\/2022\/05\/Invitacion-RC-2021-550x389.jpeg 550w, https:\/\/gpsanbartolome.gob.ec\/azuay\/wp-content\/uploads\/2022\/05\/Invitacion-RC-2021-1024x724.jpeg 1024w, https:\/\/gpsanbartolome.gob.ec\/azuay\/wp-content\/uploads\/2022\/05\/Invitacion-RC-2021-768x543.jpeg 768w, https:\/\/gpsanbartolome.gob.ec\/azuay\/wp-content\/uploads\/2022\/05\/Invitacion-RC-2021.jpeg 1080w\" sizes=\"auto, (max-width: 550px) 100vw, 550px\" \/><\/p>\n<p>&nbsp;<\/p>\n<p>&nbsp;<\/p>\n<p>C\u00c9DULAS PRESUPUESTARIAS<br \/>\n<a href=\"https:\/\/gpsanbartolome.gob.ec\/azuay\/wp-content\/uploads\/2022\/05\/Cedula-Proteccion-de-fuentes-hidricas.pdf\">Cedula Protecci\u00f3n de fuentes h\u00eddricas<\/a><br \/>\n<a href=\"https:\/\/gpsanbartolome.gob.ec\/azuay\/wp-content\/uploads\/2022\/05\/Cedula-Promocion-de-espacios-de-participacion-ciudadana.pdf\">Cedula Promoci\u00f3n de espacios de participaci\u00f3n ciudadana<\/a><br \/>\n<a href=\"https:\/\/gpsanbartolome.gob.ec\/azuay\/wp-content\/uploads\/2022\/05\/Cedula-Mantenimiento-y-Mejoramiento-Vial.pdf\">Cedula Mantenimiento y Mejoramiento Vial<\/a><br \/>\n<a href=\"https:\/\/gpsanbartolome.gob.ec\/azuay\/wp-content\/uploads\/2022\/05\/Cedula-Mantenimiento-de-espacios-publicos.pdf\">Cedula Mantenimiento de espacios publicos<\/a><br \/>\n<a href=\"https:\/\/gpsanbartolome.gob.ec\/azuay\/wp-content\/uploads\/2022\/05\/Cedula-Fomento-de-Actividades-Productivas.pdf\">Cedula Fomento de Actividades Productivas<\/a><br \/>\n<a href=\"https:\/\/gpsanbartolome.gob.ec\/azuay\/wp-content\/uploads\/2022\/05\/Cedula-Espacios-Activos-Adultos-Mayores.pdf\">Cedula Espacios Activos Adultos Mayores<\/a><br \/>\n<a href=\"https:\/\/gpsanbartolome.gob.ec\/azuay\/wp-content\/uploads\/2022\/05\/Cedula-equipamiento-institucional.pdf\">Cedula equipamiento institucional<\/a><br \/>\n<a href=\"https:\/\/gpsanbartolome.gob.ec\/azuay\/wp-content\/uploads\/2022\/05\/Cedula-de-cogestion-Equipamiento-comunitario.pdf\">Cedula de cogestion Equipamiento comunitario<\/a><br \/>\n<a href=\"https:\/\/gpsanbartolome.gob.ec\/azuay\/wp-content\/uploads\/2022\/05\/Cedula-construccion-de-la-III-etapa-poli.pdf\">Cedula construcci\u00f3n de la III etapa poli<\/a><br \/>\n<a href=\"https:\/\/gpsanbartolome.gob.ec\/azuay\/wp-content\/uploads\/2022\/05\/Cedula-apoyo-integral-a-grupos-vulnerables.pdf\">Cedula apoyo integral a grupos vulnerables<\/a><br \/>\n<a href=\"https:\/\/gpsanbartolome.gob.ec\/azuay\/wp-content\/uploads\/2022\/05\/Cedula-Adecuacion-parque-central-y-polideportivo.pdf\">Cedula Adecuaci\u00f3n parque central y polideportivo<\/a><\/p>\n<p>CONFORMACI\u00d3N EQUIPO MIXTO<br \/>\n<a href=\"https:\/\/gpsanbartolome.gob.ec\/azuay\/wp-content\/uploads\/2022\/05\/Acta-conformacion-equipo-mixto-1.pdf\">Acta conformacion equipo mixto<\/a><\/p>\n<p>CONTESTACI\u00d3N A LAS PREGUNTAS DE LA CIUDADANIA<br \/>\n<a href=\"https:\/\/gpsanbartolome.gob.ec\/azuay\/wp-content\/uploads\/2022\/05\/Preguntas-y-respuestas.pdf\">Preguntas y respuestas<\/a><\/p>\n<p>INVITACI\u00d3N FASE 1 RENDICI\u00d3N DE CUENTAS 2021<br \/>\nAsamblea Parroquial desarrollada con L\u00cdDERES COMUNITARIOS (Presidentes de comunidades, Barrios, Juntas de Agua de Riego, Juntas Administradoras de Agua Potable, Asociaciones Productoras, Adem\u00e1s con la presencia del se\u00f1or Lic. Nelson Carchipulla representante del Consejo de Planificaci\u00f3n, los se\u00f1ores Vocales y T\u00e9cnicos del GAD parroquial de San Bartolom\u00e9).<br \/>\n<a href=\"https:\/\/gpsanbartolome.gob.ec\/azuay\/wp-content\/uploads\/2022\/05\/Primera-fase-1.pdf\">Oficio Fase 1 y registro entrega<\/a><br \/>\n<a href=\"https:\/\/gpsanbartolome.gob.ec\/azuay\/wp-content\/uploads\/2022\/05\/Acta-de-entrega-preguntas.pdf\">Acta de entrega preguntas<\/a><br \/>\n<a href=\"https:\/\/gpsanbartolome.gob.ec\/azuay\/wp-content\/uploads\/2022\/05\/Formulario-de-preguntas-por-parte-de-la-ciudadania.pdf\">Formulario de preguntas por parte de la ciudadania<\/a><\/p>\n<p><img loading=\"lazy\" decoding=\"async\" class=\"alignnone size-full wp-image-2840\" src=\"https:\/\/gpsanbartolome.gob.ec\/azuay\/wp-content\/uploads\/2022\/05\/Fase-1.jpg\" alt=\"\" width=\"550\" height=\"309\" data-id=\"2840\" \/> <img loading=\"lazy\" decoding=\"async\" class=\"alignnone size-medium wp-image-2841\" src=\"https:\/\/gpsanbartolome.gob.ec\/azuay\/wp-content\/uploads\/2022\/05\/Fase-11.jpg\" alt=\"\" width=\"550\" height=\"309\" data-id=\"2841\" \/> <img loading=\"lazy\" decoding=\"async\" class=\"alignnone size-medium wp-image-2842\" src=\"https:\/\/gpsanbartolome.gob.ec\/azuay\/wp-content\/uploads\/2022\/05\/Fase-111.jpg\" alt=\"\" width=\"550\" height=\"309\" data-id=\"2842\" \/><\/p>\n<p>DELIBERACI\u00d3N RENDICI\u00d3N DE CUENTAS 2021<br \/>\n<a href=\"https:\/\/gpsanbartolome.gob.ec\/azuay\/wp-content\/uploads\/2022\/05\/Rendicion-San-Bartolome.pdf\">Rendici\u00f3n de Cuentas San Bartolom\u00e9 2021<\/a><br \/>\n<a href=\"https:\/\/gpsanbartolome.gob.ec\/azuay\/wp-content\/uploads\/2022\/05\/Registro-de-firmas-Rendicion-de-Cuentas.pdf\">Registro de firmas Rendici\u00f3n de Cuentas<\/a><br \/>\n<img loading=\"lazy\" decoding=\"async\" class=\"alignnone size-medium wp-image-2837\" src=\"https:\/\/gpsanbartolome.gob.ec\/azuay\/wp-content\/uploads\/2022\/05\/Rendicion-de-cuentas-1-550x309.jpg\" alt=\"\" width=\"550\" height=\"309\" data-id=\"2837\" srcset=\"https:\/\/gpsanbartolome.gob.ec\/azuay\/wp-content\/uploads\/2022\/05\/Rendicion-de-cuentas-1-550x309.jpg 550w, https:\/\/gpsanbartolome.gob.ec\/azuay\/wp-content\/uploads\/2022\/05\/Rendicion-de-cuentas-1-768x432.jpg 768w, https:\/\/gpsanbartolome.gob.ec\/azuay\/wp-content\/uploads\/2022\/05\/Rendicion-de-cuentas-1.jpg 960w\" sizes=\"auto, (max-width: 550px) 100vw, 550px\" \/> <img loading=\"lazy\" decoding=\"async\" class=\"alignnone size-medium wp-image-2838\" src=\"https:\/\/gpsanbartolome.gob.ec\/azuay\/wp-content\/uploads\/2022\/05\/Rendicion-de-cuentas-2-550x311.jpg\" alt=\"\" width=\"550\" height=\"311\" data-id=\"2838\" srcset=\"https:\/\/gpsanbartolome.gob.ec\/azuay\/wp-content\/uploads\/2022\/05\/Rendicion-de-cuentas-2-550x311.jpg 550w, https:\/\/gpsanbartolome.gob.ec\/azuay\/wp-content\/uploads\/2022\/05\/Rendicion-de-cuentas-2-768x434.jpg 768w, https:\/\/gpsanbartolome.gob.ec\/azuay\/wp-content\/uploads\/2022\/05\/Rendicion-de-cuentas-2.jpg 960w\" sizes=\"auto, (max-width: 550px) 100vw, 550px\" \/> <img loading=\"lazy\" decoding=\"async\" class=\"alignnone size-medium wp-image-2839\" src=\"https:\/\/gpsanbartolome.gob.ec\/azuay\/wp-content\/uploads\/2022\/05\/Rendicion-de-cuentas-550x309.jpg\" alt=\"\" width=\"550\" height=\"309\" data-id=\"2839\" srcset=\"https:\/\/gpsanbartolome.gob.ec\/azuay\/wp-content\/uploads\/2022\/05\/Rendicion-de-cuentas-550x309.jpg 550w, https:\/\/gpsanbartolome.gob.ec\/azuay\/wp-content\/uploads\/2022\/05\/Rendicion-de-cuentas-768x432.jpg 768w, https:\/\/gpsanbartolome.gob.ec\/azuay\/wp-content\/uploads\/2022\/05\/Rendicion-de-cuentas.jpg 960w\" sizes=\"auto, (max-width: 550px) 100vw, 550px\" \/><\/p>\n<p>RENDICI\u00d3N DE CUENTAS POR COMPONENTES<br \/>\n<a href=\"https:\/\/gpsanbartolome.gob.ec\/azuay\/wp-content\/uploads\/2022\/05\/Proteccion-de-fuentes-hidricas.pdf\">Proteccion de fuentes hidricas<\/a><br \/>\n<a href=\"https:\/\/gpsanbartolome.gob.ec\/azuay\/wp-content\/uploads\/2022\/05\/Polideportivo.pdf\">Polideportivo<\/a><br \/>\n<a href=\"https:\/\/gpsanbartolome.gob.ec\/azuay\/wp-content\/uploads\/2022\/05\/Obras-de-cogestion.pdf\">Obras de cogestion<\/a><br \/>\n<a href=\"https:\/\/gpsanbartolome.gob.ec\/azuay\/wp-content\/uploads\/2022\/05\/Mantenimiento-vial.pdf\">Mantenimiento vial<\/a><br \/>\n<a href=\"https:\/\/gpsanbartolome.gob.ec\/azuay\/wp-content\/uploads\/2022\/05\/Fomento-productivo.pdf\">Fomento productivo<\/a><br \/>\n<a href=\"https:\/\/gpsanbartolome.gob.ec\/azuay\/wp-content\/uploads\/2022\/05\/Espacios-publicos.pdf\">Espacios publicos<\/a><br \/>\n<a href=\"https:\/\/gpsanbartolome.gob.ec\/azuay\/wp-content\/uploads\/2022\/05\/Espacios-de-participacion.pdf\">Espacios de participaci\u00f3n<\/a><br \/>\n<a href=\"https:\/\/gpsanbartolome.gob.ec\/azuay\/wp-content\/uploads\/2022\/05\/Equipamiento-institucional.pdf\">Equipamiento institucional<\/a><br \/>\n<a href=\"https:\/\/gpsanbartolome.gob.ec\/azuay\/wp-content\/uploads\/2022\/05\/Adecuacion-parque-central.pdf\">Adecuacion parque central<\/a><br \/>\n<a href=\"https:\/\/gpsanbartolome.gob.ec\/azuay\/wp-content\/uploads\/2022\/05\/Adulto-mayo-y-espacios-activos.pdf\">Adulto mayo y espacios activos<\/a><\/p>\n","protected":false},"excerpt":{"rendered":"<p>RENDICION DE CUENTAS DEL GAD PARROQUIAL DE SAN BARTOLOM\u00c9 DEL A\u00d1O 2021. PRESUPUESTO INSTITUCIONAL 2021 Presupuesto institucional 2021 INVITACI\u00d3N RENDICI\u00d3N DE CUENTAS 2021 https:\/\/m.facebook.com\/story.php?story_fbid=1854235544966422&amp;id=100011399848132 &nbsp; &nbsp; C\u00c9DULAS PRESUPUESTARIAS Cedula Protecci\u00f3n de fuentes h\u00eddricas Cedula Promoci\u00f3n de espacios de participaci\u00f3n ciudadana Cedula Mantenimiento y Mejoramiento Vial Cedula Mantenimiento de espacios publicos Cedula Fomento de Actividades Productivas [&hellip;]<\/p>\n","protected":false},"author":6,"featured_media":0,"parent":0,"menu_order":0,"comment_status":"closed","ping_status":"closed","template":"","meta":{"_joinchat":[],"footnotes":""},"yst_prominent_words":[117,109,122,118,126,123,156,108],"class_list":["post-2422","page","type-page","status-publish","hentry"],"_links":{"self":[{"href":"https:\/\/gpsanbartolome.gob.ec\/azuay\/wp-json\/wp\/v2\/pages\/2422","targetHints":{"allow":["GET"]}}],"collection":[{"href":"https:\/\/gpsanbartolome.gob.ec\/azuay\/wp-json\/wp\/v2\/pages"}],"about":[{"href":"https:\/\/gpsanbartolome.gob.ec\/azuay\/wp-json\/wp\/v2\/types\/page"}],"author":[{"embeddable":true,"href":"https:\/\/gpsanbartolome.gob.ec\/azuay\/wp-json\/wp\/v2\/users\/6"}],"replies":[{"embeddable":true,"href":"https:\/\/gpsanbartolome.gob.ec\/azuay\/wp-json\/wp\/v2\/comments?post=2422"}],"version-history":[{"count":14,"href":"https:\/\/gpsanbartolome.gob.ec\/azuay\/wp-json\/wp\/v2\/pages\/2422\/revisions"}],"predecessor-version":[{"id":2852,"href":"https:\/\/gpsanbartolome.gob.ec\/azuay\/wp-json\/wp\/v2\/pages\/2422\/revisions\/2852"}],"wp:attachment":[{"href":"https:\/\/gpsanbartolome.gob.ec\/azuay\/wp-json\/wp\/v2\/media?parent=2422"}],"wp:term":[{"taxonomy":"yst_prominent_words","embeddable":true,"href":"https:\/\/gpsanbartolome.gob.ec\/azuay\/wp-json\/wp\/v2\/yst_prominent_words?post=2422"}],"curies":[{"name":"wp","href":"https:\/\/api.w.org\/{rel}","templated":true}]}}