{"id":246,"date":"2016-03-20T16:06:55","date_gmt":"2016-03-20T20:06:55","guid":{"rendered":"http:\/\/gpsanbartolome.gob.ec\/azuay\/?page_id=246"},"modified":"2017-06-30T11:10:32","modified_gmt":"2017-06-30T15:10:32","slug":"rendicion-de-cuentas-2016","status":"publish","type":"page","link":"https:\/\/gpsanbartolome.gob.ec\/azuay\/rendicion-de-cuentas-2016\/","title":{"rendered":"Rendici\u00f3n de Cuentas 2016"},"content":{"rendered":"<h5>DOCUMENTOS.<\/h5>\n<p>INFORME RENDICI\u00d3N DE CUENTAS.<\/p>\n<p><a href=\"http:\/\/gpsanbartolome.gob.ec\/azuay\/wp-content\/uploads\/2016\/03\/INFORME-RENDICION-DE-CUENTAS.pdf\">INFORME RENDICION DE CUENTAS<\/a><\/p>\n<p><a href=\"http:\/\/gpsanbartolome.gob.ec\/azuay\/wp-content\/uploads\/2016\/03\/TRABAJO-AREA-SOCIAL.pdf\">TRABAJO AREA SOCIAL<\/a> <a href=\"http:\/\/gpsanbartolome.gob.ec\/azuay\/wp-content\/uploads\/2016\/03\/ADMINISTRACION-2016.pdf\">ADMINISTRACION 2016<\/a><\/p>\n<p>&nbsp;<\/p>\n<p>RESOLUCI\u00d3N COMIT\u00c9 DE TRANSPARENCIA.<\/p>\n<p><a href=\"http:\/\/gpsanbartolome.gob.ec\/azuay\/wp-content\/uploads\/2016\/03\/COMITE-DE-TRANSPARENCIA.pdf\">COMITE DE TRANSPARENCIA<\/a><\/p>\n<p>&nbsp;<\/p>\n<h1 style=\"text-align: center;\"><strong>MANTENIMIENTO DE ESPACIOS P\u00daBLICOS<\/strong><\/h1>\n<p><img loading=\"lazy\" decoding=\"async\" class=\"alignnone size-full wp-image-894\" src=\"http:\/\/gpsanbartolome.gob.ec\/azuay\/wp-content\/uploads\/2016\/03\/0.png\" alt=\"\" width=\"526\" height=\"299\" data-id=\"894\" \/> <img loading=\"lazy\" decoding=\"async\" class=\"alignnone size-medium wp-image-895\" src=\"http:\/\/gpsanbartolome.gob.ec\/azuay\/wp-content\/uploads\/2016\/03\/Sin-t\u00edtulo..png\" alt=\"\" width=\"519\" height=\"294\" data-id=\"895\" \/> <img loading=\"lazy\" decoding=\"async\" class=\"alignnone size-medium wp-image-896\" src=\"http:\/\/gpsanbartolome.gob.ec\/azuay\/wp-content\/uploads\/2016\/03\/Sin-t\u00edtulo.png\" alt=\"\" width=\"401\" height=\"224\" data-id=\"896\" \/> <img loading=\"lazy\" decoding=\"async\" class=\"alignnone size-medium wp-image-897\" src=\"http:\/\/gpsanbartolome.gob.ec\/azuay\/wp-content\/uploads\/2016\/03\/SIN-550x152.png\" alt=\"\" width=\"550\" height=\"152\" data-id=\"897\" srcset=\"https:\/\/gpsanbartolome.gob.ec\/azuay\/wp-content\/uploads\/2016\/03\/SIN-550x152.png 550w, https:\/\/gpsanbartolome.gob.ec\/azuay\/wp-content\/uploads\/2016\/03\/SIN.png 700w\" sizes=\"auto, (max-width: 550px) 100vw, 550px\" \/><\/p>\n<p>&nbsp;<\/p>\n<h1 style=\"text-align: center;\">OBRAS EN CONVENIOS CON EL MUNICIPIO DEL SIGSIG.<\/h1>\n<p>&nbsp;<\/p>\n<p><img loading=\"lazy\" decoding=\"async\" class=\"alignnone wp-image-898\" src=\"http:\/\/gpsanbartolome.gob.ec\/azuay\/wp-content\/uploads\/2016\/03\/CONVENIOS-1.png\" alt=\"\" width=\"458\" height=\"280\" data-id=\"898\" \/> <img loading=\"lazy\" decoding=\"async\" class=\"alignnone wp-image-899\" src=\"http:\/\/gpsanbartolome.gob.ec\/azuay\/wp-content\/uploads\/2016\/03\/CONVENIOS-2-550x276.png\" alt=\"\" width=\"495\" height=\"249\" data-id=\"899\" srcset=\"https:\/\/gpsanbartolome.gob.ec\/azuay\/wp-content\/uploads\/2016\/03\/CONVENIOS-2-550x276.png 550w, https:\/\/gpsanbartolome.gob.ec\/azuay\/wp-content\/uploads\/2016\/03\/CONVENIOS-2.png 700w\" sizes=\"auto, (max-width: 495px) 100vw, 495px\" \/> <img loading=\"lazy\" decoding=\"async\" class=\"alignnone size-medium wp-image-900\" src=\"http:\/\/gpsanbartolome.gob.ec\/azuay\/wp-content\/uploads\/2016\/03\/CONVENIOS-3-550x310.png\" alt=\"\" width=\"550\" height=\"310\" data-id=\"900\" srcset=\"https:\/\/gpsanbartolome.gob.ec\/azuay\/wp-content\/uploads\/2016\/03\/CONVENIOS-3-550x310.png 550w, https:\/\/gpsanbartolome.gob.ec\/azuay\/wp-content\/uploads\/2016\/03\/CONVENIOS-3.png 588w\" sizes=\"auto, (max-width: 550px) 100vw, 550px\" \/> <img loading=\"lazy\" decoding=\"async\" class=\"alignnone size-medium wp-image-901\" src=\"http:\/\/gpsanbartolome.gob.ec\/azuay\/wp-content\/uploads\/2016\/03\/CONVENIOS-4.png\" alt=\"\" width=\"495\" height=\"288\" data-id=\"901\" \/> <img loading=\"lazy\" decoding=\"async\" class=\"alignnone size-medium wp-image-902\" src=\"http:\/\/gpsanbartolome.gob.ec\/azuay\/wp-content\/uploads\/2016\/03\/CONVENIOS.png\" alt=\"\" width=\"527\" height=\"398\" data-id=\"902\" \/>\u00a0<img loading=\"lazy\" decoding=\"async\" class=\"alignnone wp-image-905\" src=\"http:\/\/gpsanbartolome.gob.ec\/azuay\/wp-content\/uploads\/2016\/03\/TANQUE-DE-AGUA.png\" alt=\"\" width=\"213\" height=\"403\" data-id=\"905\" \/><img loading=\"lazy\" decoding=\"async\" class=\"alignleft wp-image-903 \" src=\"http:\/\/gpsanbartolome.gob.ec\/azuay\/wp-content\/uploads\/2016\/03\/LETRERO-MERCADO-550x186.png\" alt=\"\" width=\"413\" height=\"140\" data-id=\"903\" srcset=\"https:\/\/gpsanbartolome.gob.ec\/azuay\/wp-content\/uploads\/2016\/03\/LETRERO-MERCADO-550x186.png 550w, https:\/\/gpsanbartolome.gob.ec\/azuay\/wp-content\/uploads\/2016\/03\/LETRERO-MERCADO.png 700w\" sizes=\"auto, (max-width: 413px) 100vw, 413px\" \/> <img loading=\"lazy\" decoding=\"async\" class=\"alignnone wp-image-904\" src=\"http:\/\/gpsanbartolome.gob.ec\/azuay\/wp-content\/uploads\/2016\/03\/TANQUE-DE-AGU-550x310.png\" alt=\"\" width=\"321\" height=\"181\" data-id=\"904\" srcset=\"https:\/\/gpsanbartolome.gob.ec\/azuay\/wp-content\/uploads\/2016\/03\/TANQUE-DE-AGU-550x310.png 550w, https:\/\/gpsanbartolome.gob.ec\/azuay\/wp-content\/uploads\/2016\/03\/TANQUE-DE-AGU.png 567w\" sizes=\"auto, (max-width: 321px) 100vw, 321px\" \/><\/p>\n<h1 style=\"text-align: center;\">CONVENIOS.<\/h1>\n<p><img loading=\"lazy\" decoding=\"async\" class=\"alignnone wp-image-909\" src=\"http:\/\/gpsanbartolome.gob.ec\/azuay\/wp-content\/uploads\/2016\/03\/CONVENIOS-5-CURSOS1-1-550x310.png\" alt=\"\" width=\"507\" height=\"286\" data-id=\"909\" srcset=\"https:\/\/gpsanbartolome.gob.ec\/azuay\/wp-content\/uploads\/2016\/03\/CONVENIOS-5-CURSOS1-1-550x310.png 550w, https:\/\/gpsanbartolome.gob.ec\/azuay\/wp-content\/uploads\/2016\/03\/CONVENIOS-5-CURSOS1-1.png 614w\" sizes=\"auto, (max-width: 507px) 100vw, 507px\" \/> <img loading=\"lazy\" decoding=\"async\" class=\"alignnone wp-image-910\" src=\"http:\/\/gpsanbartolome.gob.ec\/azuay\/wp-content\/uploads\/2016\/03\/CONVENIOS-CURSOS-1-550x309.png\" alt=\"\" width=\"518\" height=\"291\" data-id=\"910\" srcset=\"https:\/\/gpsanbartolome.gob.ec\/azuay\/wp-content\/uploads\/2016\/03\/CONVENIOS-CURSOS-1-550x309.png 550w, https:\/\/gpsanbartolome.gob.ec\/azuay\/wp-content\/uploads\/2016\/03\/CONVENIOS-CURSOS-1.png 624w\" sizes=\"auto, (max-width: 518px) 100vw, 518px\" \/> <img loading=\"lazy\" decoding=\"async\" class=\"alignnone wp-image-911\" src=\"http:\/\/gpsanbartolome.gob.ec\/azuay\/wp-content\/uploads\/2016\/03\/HORTALIZAS-1-550x330.jpg\" alt=\"\" width=\"492\" height=\"295\" data-id=\"911\" srcset=\"https:\/\/gpsanbartolome.gob.ec\/azuay\/wp-content\/uploads\/2016\/03\/HORTALIZAS-1-550x330.jpg 550w, https:\/\/gpsanbartolome.gob.ec\/azuay\/wp-content\/uploads\/2016\/03\/HORTALIZAS-1.jpg 700w\" sizes=\"auto, (max-width: 492px) 100vw, 492px\" \/><img loading=\"lazy\" decoding=\"async\" class=\"alignnone size-medium wp-image-914\" src=\"http:\/\/gpsanbartolome.gob.ec\/azuay\/wp-content\/uploads\/2016\/03\/poda-550x411.png\" alt=\"\" width=\"550\" height=\"411\" data-id=\"914\" srcset=\"https:\/\/gpsanbartolome.gob.ec\/azuay\/wp-content\/uploads\/2016\/03\/poda-550x411.png 550w, https:\/\/gpsanbartolome.gob.ec\/azuay\/wp-content\/uploads\/2016\/03\/poda.png 588w\" sizes=\"auto, (max-width: 550px) 100vw, 550px\" \/> <img loading=\"lazy\" decoding=\"async\" class=\"alignnone wp-image-915\" src=\"http:\/\/gpsanbartolome.gob.ec\/azuay\/wp-content\/uploads\/2016\/03\/poda--550x413.png\" alt=\"\" width=\"514\" height=\"386\" data-id=\"915\" srcset=\"https:\/\/gpsanbartolome.gob.ec\/azuay\/wp-content\/uploads\/2016\/03\/poda--550x413.png 550w, https:\/\/gpsanbartolome.gob.ec\/azuay\/wp-content\/uploads\/2016\/03\/poda-.png 589w\" sizes=\"auto, (max-width: 514px) 100vw, 514px\" \/><img loading=\"lazy\" decoding=\"async\" class=\"alignnone wp-image-919\" src=\"http:\/\/gpsanbartolome.gob.ec\/azuay\/wp-content\/uploads\/2016\/03\/1.png\" alt=\"\" width=\"485\" height=\"356\" data-id=\"919\" \/><\/p>\n<p><img loading=\"lazy\" decoding=\"async\" class=\"alignnone wp-image-920\" src=\"http:\/\/gpsanbartolome.gob.ec\/azuay\/wp-content\/uploads\/2016\/03\/2.png\" alt=\"\" width=\"430\" height=\"323\" data-id=\"920\" \/>\u00a0 \u00a0 \u00a0\u00a0<img loading=\"lazy\" decoding=\"async\" class=\"alignnone wp-image-921\" src=\"http:\/\/gpsanbartolome.gob.ec\/azuay\/wp-content\/uploads\/2016\/03\/3.png\" alt=\"\" width=\"447\" height=\"336\" data-id=\"921\" \/><\/p>\n<p><img loading=\"lazy\" decoding=\"async\" class=\"alignnone size-full wp-image-922\" src=\"http:\/\/gpsanbartolome.gob.ec\/azuay\/wp-content\/uploads\/2016\/03\/5.png\" alt=\"\" width=\"441\" height=\"331\" data-id=\"922\" \/><\/p>\n<h1 style=\"text-align: center;\">REFORESTACION.<\/h1>\n<p><img loading=\"lazy\" decoding=\"async\" class=\"alignnone wp-image-923\" src=\"http:\/\/gpsanbartolome.gob.ec\/azuay\/wp-content\/uploads\/2016\/03\/REFORESTACION-2.png\" alt=\"\" width=\"239\" height=\"335\" data-id=\"923\" \/> <img loading=\"lazy\" decoding=\"async\" class=\"alignnone wp-image-924\" src=\"http:\/\/gpsanbartolome.gob.ec\/azuay\/wp-content\/uploads\/2016\/03\/REFORESTACION-3.png\" alt=\"\" width=\"444\" height=\"335\" data-id=\"924\" \/> <img loading=\"lazy\" decoding=\"async\" class=\"alignnone wp-image-925\" src=\"http:\/\/gpsanbartolome.gob.ec\/azuay\/wp-content\/uploads\/2016\/03\/REFORESTACION.png\" alt=\"\" width=\"407\" height=\"155\" data-id=\"925\" \/> <img loading=\"lazy\" decoding=\"async\" class=\"alignnone wp-image-926\" src=\"http:\/\/gpsanbartolome.gob.ec\/azuay\/wp-content\/uploads\/2016\/03\/REFORESTACION1-550x310.png\" alt=\"\" width=\"461\" height=\"260\" data-id=\"926\" srcset=\"https:\/\/gpsanbartolome.gob.ec\/azuay\/wp-content\/uploads\/2016\/03\/REFORESTACION1-550x310.png 550w, https:\/\/gpsanbartolome.gob.ec\/azuay\/wp-content\/uploads\/2016\/03\/REFORESTACION1.png 700w\" sizes=\"auto, (max-width: 461px) 100vw, 461px\" \/><\/p>\n<h1 style=\"text-align: center;\">FESTIVIDADES.<\/h1>\n<p><img loading=\"lazy\" decoding=\"async\" class=\"alignnone wp-image-927\" src=\"http:\/\/gpsanbartolome.gob.ec\/azuay\/wp-content\/uploads\/2016\/03\/20170228_181441-550x330.jpg\" alt=\"\" width=\"502\" height=\"301\" data-id=\"927\" srcset=\"https:\/\/gpsanbartolome.gob.ec\/azuay\/wp-content\/uploads\/2016\/03\/20170228_181441-550x330.jpg 550w, https:\/\/gpsanbartolome.gob.ec\/azuay\/wp-content\/uploads\/2016\/03\/20170228_181441.jpg 700w\" sizes=\"auto, (max-width: 502px) 100vw, 502px\" \/> <img loading=\"lazy\" decoding=\"async\" class=\"alignnone wp-image-928\" src=\"http:\/\/gpsanbartolome.gob.ec\/azuay\/wp-content\/uploads\/2016\/03\/CAF-550x339.png\" alt=\"\" width=\"505\" height=\"311\" data-id=\"928\" srcset=\"https:\/\/gpsanbartolome.gob.ec\/azuay\/wp-content\/uploads\/2016\/03\/CAF-550x339.png 550w, https:\/\/gpsanbartolome.gob.ec\/azuay\/wp-content\/uploads\/2016\/03\/CAF.png 593w\" sizes=\"auto, (max-width: 505px) 100vw, 505px\" \/> <img loading=\"lazy\" decoding=\"async\" class=\"alignnone wp-image-929\" src=\"http:\/\/gpsanbartolome.gob.ec\/azuay\/wp-content\/uploads\/2016\/03\/CANAVAL-550x336.png\" alt=\"\" width=\"529\" height=\"323\" data-id=\"929\" srcset=\"https:\/\/gpsanbartolome.gob.ec\/azuay\/wp-content\/uploads\/2016\/03\/CANAVAL-550x336.png 550w, https:\/\/gpsanbartolome.gob.ec\/azuay\/wp-content\/uploads\/2016\/03\/CANAVAL.png 593w\" sizes=\"auto, (max-width: 529px) 100vw, 529px\" \/> <img loading=\"lazy\" decoding=\"async\" class=\"alignnone wp-image-930\" src=\"http:\/\/gpsanbartolome.gob.ec\/azuay\/wp-content\/uploads\/2016\/03\/CARNAV-550x346.png\" alt=\"\" width=\"518\" height=\"326\" data-id=\"930\" srcset=\"https:\/\/gpsanbartolome.gob.ec\/azuay\/wp-content\/uploads\/2016\/03\/CARNAV-550x346.png 550w, https:\/\/gpsanbartolome.gob.ec\/azuay\/wp-content\/uploads\/2016\/03\/CARNAV.png 593w\" sizes=\"auto, (max-width: 518px) 100vw, 518px\" \/> <img loading=\"lazy\" decoding=\"async\" class=\"alignnone size-medium wp-image-931\" src=\"http:\/\/gpsanbartolome.gob.ec\/azuay\/wp-content\/uploads\/2016\/03\/CARNAVAL.png\" alt=\"\" width=\"546\" height=\"334\" data-id=\"931\" \/> <img loading=\"lazy\" decoding=\"async\" class=\"alignnone wp-image-932\" src=\"http:\/\/gpsanbartolome.gob.ec\/azuay\/wp-content\/uploads\/2016\/03\/DFDSF.png\" alt=\"\" width=\"484\" height=\"292\" data-id=\"932\" \/> <img loading=\"lazy\" decoding=\"async\" class=\"alignnone wp-image-933\" src=\"http:\/\/gpsanbartolome.gob.ec\/azuay\/wp-content\/uploads\/2016\/03\/SDSD.png\" alt=\"\" width=\"501\" height=\"290\" data-id=\"933\" \/> <img loading=\"lazy\" decoding=\"async\" class=\"alignnone size-medium wp-image-934\" src=\"http:\/\/gpsanbartolome.gob.ec\/azuay\/wp-content\/uploads\/2016\/03\/Sin-t\u00edtulo-1-550x310.png\" alt=\"\" width=\"550\" height=\"310\" data-id=\"934\" srcset=\"https:\/\/gpsanbartolome.gob.ec\/azuay\/wp-content\/uploads\/2016\/03\/Sin-t\u00edtulo-1-550x310.png 550w, https:\/\/gpsanbartolome.gob.ec\/azuay\/wp-content\/uploads\/2016\/03\/Sin-t\u00edtulo-1.png 700w\" sizes=\"auto, (max-width: 550px) 100vw, 550px\" \/><\/p>\n<h1 style=\"text-align: center;\">TASA SOLIDARIA<\/h1>\n<p><img loading=\"lazy\" decoding=\"async\" class=\"alignnone size-full wp-image-935\" src=\"http:\/\/gpsanbartolome.gob.ec\/azuay\/wp-content\/uploads\/2016\/03\/1-1.png\" alt=\"\" width=\"435\" height=\"269\" data-id=\"935\" \/> <img loading=\"lazy\" decoding=\"async\" class=\"alignnone wp-image-936\" src=\"http:\/\/gpsanbartolome.gob.ec\/azuay\/wp-content\/uploads\/2016\/03\/2-1.png\" alt=\"\" width=\"475\" height=\"261\" data-id=\"936\" \/> <img loading=\"lazy\" decoding=\"async\" class=\"alignnone wp-image-937\" src=\"http:\/\/gpsanbartolome.gob.ec\/azuay\/wp-content\/uploads\/2016\/03\/MAQUINARIA.png\" alt=\"\" width=\"315\" height=\"488\" data-id=\"937\" \/> <img loading=\"lazy\" decoding=\"async\" class=\"alignnone wp-image-938\" src=\"http:\/\/gpsanbartolome.gob.ec\/azuay\/wp-content\/uploads\/2016\/03\/TUBERIA-550x240.png\" alt=\"\" width=\"690\" height=\"301\" data-id=\"938\" srcset=\"https:\/\/gpsanbartolome.gob.ec\/azuay\/wp-content\/uploads\/2016\/03\/TUBERIA-550x240.png 550w, https:\/\/gpsanbartolome.gob.ec\/azuay\/wp-content\/uploads\/2016\/03\/TUBERIA-768x335.png 768w, https:\/\/gpsanbartolome.gob.ec\/azuay\/wp-content\/uploads\/2016\/03\/TUBERIA-1024x447.png 1024w, https:\/\/gpsanbartolome.gob.ec\/azuay\/wp-content\/uploads\/2016\/03\/TUBERIA.png 1035w\" sizes=\"auto, (max-width: 690px) 100vw, 690px\" \/><\/p>\n<h1 style=\"text-align: center;\">SECTOR PRIORITARIO.<\/h1>\n<p><img loading=\"lazy\" decoding=\"async\" class=\"alignnone size-full wp-image-939\" src=\"http:\/\/gpsanbartolome.gob.ec\/azuay\/wp-content\/uploads\/2016\/03\/ALIMENTACION.png\" alt=\"\" width=\"294\" height=\"516\" data-id=\"939\" \/> <img loading=\"lazy\" decoding=\"async\" class=\"alignnone wp-image-940\" src=\"http:\/\/gpsanbartolome.gob.ec\/azuay\/wp-content\/uploads\/2016\/03\/DEPORTE-550x245.png\" alt=\"\" width=\"671\" height=\"299\" data-id=\"940\" srcset=\"https:\/\/gpsanbartolome.gob.ec\/azuay\/wp-content\/uploads\/2016\/03\/DEPORTE-550x245.png 550w, https:\/\/gpsanbartolome.gob.ec\/azuay\/wp-content\/uploads\/2016\/03\/DEPORTE.png 673w\" sizes=\"auto, (max-width: 671px) 100vw, 671px\" \/> <img loading=\"lazy\" decoding=\"async\" class=\"alignnone wp-image-941\" src=\"http:\/\/gpsanbartolome.gob.ec\/azuay\/wp-content\/uploads\/2016\/03\/DISTRACCIONES.png\" alt=\"\" width=\"539\" height=\"304\" data-id=\"941\" \/> <img loading=\"lazy\" decoding=\"async\" class=\"alignnone wp-image-942\" src=\"http:\/\/gpsanbartolome.gob.ec\/azuay\/wp-content\/uploads\/2016\/03\/FESTIVIDADES-550x398.png\" alt=\"\" width=\"459\" height=\"332\" data-id=\"942\" srcset=\"https:\/\/gpsanbartolome.gob.ec\/azuay\/wp-content\/uploads\/2016\/03\/FESTIVIDADES-550x398.png 550w, https:\/\/gpsanbartolome.gob.ec\/azuay\/wp-content\/uploads\/2016\/03\/FESTIVIDADES.png 653w\" sizes=\"auto, (max-width: 459px) 100vw, 459px\" \/> <img loading=\"lazy\" decoding=\"async\" class=\"alignnone size-medium wp-image-943\" src=\"http:\/\/gpsanbartolome.gob.ec\/azuay\/wp-content\/uploads\/2016\/03\/FOTOS.png\" alt=\"\" width=\"422\" height=\"327\" data-id=\"943\" \/> <img loading=\"lazy\" decoding=\"async\" class=\"alignnone size-medium wp-image-944\" src=\"http:\/\/gpsanbartolome.gob.ec\/azuay\/wp-content\/uploads\/2016\/03\/FOTOSS.png\" alt=\"\" width=\"384\" height=\"258\" data-id=\"944\" \/> <img loading=\"lazy\" decoding=\"async\" class=\"alignnone size-medium wp-image-945\" src=\"http:\/\/gpsanbartolome.gob.ec\/azuay\/wp-content\/uploads\/2016\/03\/LISTA-DE-UTILES-550x206.png\" alt=\"\" width=\"550\" height=\"206\" data-id=\"945\" srcset=\"https:\/\/gpsanbartolome.gob.ec\/azuay\/wp-content\/uploads\/2016\/03\/LISTA-DE-UTILES-550x206.png 550w, https:\/\/gpsanbartolome.gob.ec\/azuay\/wp-content\/uploads\/2016\/03\/LISTA-DE-UTILES.png 674w\" sizes=\"auto, (max-width: 550px) 100vw, 550px\" \/> <img loading=\"lazy\" decoding=\"async\" class=\"alignnone size-medium wp-image-946\" src=\"http:\/\/gpsanbartolome.gob.ec\/azuay\/wp-content\/uploads\/2016\/03\/PASEO.png\" alt=\"\" width=\"459\" height=\"259\" data-id=\"946\" \/> <img loading=\"lazy\" decoding=\"async\" class=\"alignnone wp-image-947\" src=\"http:\/\/gpsanbartolome.gob.ec\/azuay\/wp-content\/uploads\/2016\/03\/Sin-t\u00edtulo-2.png\" alt=\"\" width=\"309\" height=\"570\" data-id=\"947\" \/> <img loading=\"lazy\" decoding=\"async\" class=\"alignnone size-medium wp-image-948\" src=\"http:\/\/gpsanbartolome.gob.ec\/azuay\/wp-content\/uploads\/2016\/03\/Sin-t\u00edtulo--550x362.png\" alt=\"\" width=\"550\" height=\"362\" data-id=\"948\" srcset=\"https:\/\/gpsanbartolome.gob.ec\/azuay\/wp-content\/uploads\/2016\/03\/Sin-t\u00edtulo--550x362.png 550w, https:\/\/gpsanbartolome.gob.ec\/azuay\/wp-content\/uploads\/2016\/03\/Sin-t\u00edtulo-.png 670w\" sizes=\"auto, (max-width: 550px) 100vw, 550px\" \/><\/p>\n<p>&nbsp;<\/p>\n<p>&nbsp;<\/p>\n","protected":false},"excerpt":{"rendered":"<p>DOCUMENTOS. INFORME RENDICI\u00d3N DE CUENTAS. INFORME RENDICION DE CUENTAS TRABAJO AREA SOCIAL ADMINISTRACION 2016 &nbsp; RESOLUCI\u00d3N COMIT\u00c9 DE TRANSPARENCIA. COMITE DE TRANSPARENCIA &nbsp; MANTENIMIENTO DE ESPACIOS P\u00daBLICOS &nbsp; OBRAS EN CONVENIOS CON EL MUNICIPIO DEL SIGSIG. &nbsp; \u00a0 CONVENIOS. \u00a0 \u00a0 \u00a0\u00a0 REFORESTACION. FESTIVIDADES. TASA SOLIDARIA SECTOR PRIORITARIO. &nbsp; &nbsp;<\/p>\n","protected":false},"author":6,"featured_media":0,"parent":0,"menu_order":0,"comment_status":"closed","ping_status":"closed","template":"","meta":{"_joinchat":[],"footnotes":""},"yst_prominent_words":[],"class_list":["post-246","page","type-page","status-publish","hentry"],"_links":{"self":[{"href":"https:\/\/gpsanbartolome.gob.ec\/azuay\/wp-json\/wp\/v2\/pages\/246","targetHints":{"allow":["GET"]}}],"collection":[{"href":"https:\/\/gpsanbartolome.gob.ec\/azuay\/wp-json\/wp\/v2\/pages"}],"about":[{"href":"https:\/\/gpsanbartolome.gob.ec\/azuay\/wp-json\/wp\/v2\/types\/page"}],"author":[{"embeddable":true,"href":"https:\/\/gpsanbartolome.gob.ec\/azuay\/wp-json\/wp\/v2\/users\/6"}],"replies":[{"embeddable":true,"href":"https:\/\/gpsanbartolome.gob.ec\/azuay\/wp-json\/wp\/v2\/comments?post=246"}],"version-history":[{"count":7,"href":"https:\/\/gpsanbartolome.gob.ec\/azuay\/wp-json\/wp\/v2\/pages\/246\/revisions"}],"predecessor-version":[{"id":954,"href":"https:\/\/gpsanbartolome.gob.ec\/azuay\/wp-json\/wp\/v2\/pages\/246\/revisions\/954"}],"wp:attachment":[{"href":"https:\/\/gpsanbartolome.gob.ec\/azuay\/wp-json\/wp\/v2\/media?parent=246"}],"wp:term":[{"taxonomy":"yst_prominent_words","embeddable":true,"href":"https:\/\/gpsanbartolome.gob.ec\/azuay\/wp-json\/wp\/v2\/yst_prominent_words?post=246"}],"curies":[{"name":"wp","href":"https:\/\/api.w.org\/{rel}","templated":true}]}}