{"id":3050,"date":"2024-02-28T12:20:17","date_gmt":"2024-02-28T16:20:17","guid":{"rendered":"https:\/\/gpsanbartolome.gob.ec\/azuay\/?page_id=3050"},"modified":"2024-02-28T12:20:17","modified_gmt":"2024-02-28T16:20:17","slug":"comunidad","status":"publish","type":"page","link":"https:\/\/gpsanbartolome.gob.ec\/azuay\/comunidad\/","title":{"rendered":"Comunidad"},"content":{"rendered":"\n<div class=\"wpcf7 no-js\" id=\"wpcf7-f3051-o1\" lang=\"es-ES\" dir=\"ltr\" data-wpcf7-id=\"3051\">\n<div class=\"screen-reader-response\"><p role=\"status\" aria-live=\"polite\" aria-atomic=\"true\"><\/p> <ul><\/ul><\/div>\n<form action=\"\/azuay\/wp-json\/wp\/v2\/pages\/3050#wpcf7-f3051-o1\" method=\"post\" class=\"wpcf7-form init\" aria-label=\"Formulario de contacto\" novalidate=\"novalidate\" data-status=\"init\">\n<fieldset class=\"hidden-fields-container\"><input type=\"hidden\" name=\"_wpcf7\" value=\"3051\" \/><input type=\"hidden\" name=\"_wpcf7_version\" value=\"6.1.5\" \/><input type=\"hidden\" name=\"_wpcf7_locale\" value=\"es_ES\" \/><input type=\"hidden\" name=\"_wpcf7_unit_tag\" value=\"wpcf7-f3051-o1\" \/><input type=\"hidden\" name=\"_wpcf7_container_post\" value=\"0\" \/><input type=\"hidden\" name=\"_wpcf7_posted_data_hash\" value=\"\" \/><input type=\"hidden\" name=\"_wpcf7_recaptcha_response\" value=\"\" \/>\n<\/fieldset>\n<p><label> <b>NOMBRES Y APELLIDOS *<\/b><br \/>\n<span class=\"wpcf7-form-control-wrap\" data-name=\"nombres\"><input size=\"40\" maxlength=\"400\" class=\"wpcf7-form-control wpcf7-text wpcf7-validates-as-required\" aria-required=\"true\" aria-invalid=\"false\" value=\"\" type=\"text\" name=\"nombres\" \/><\/span><\/label>\n<\/p>\n<p><label> <b>COMUNIDAD*<\/b><br \/>\n<span class=\"wpcf7-form-control-wrap\" data-name=\"COMUNIDAD\"><input size=\"40\" maxlength=\"400\" class=\"wpcf7-form-control wpcf7-text wpcf7-validates-as-required\" aria-required=\"true\" aria-invalid=\"false\" value=\"\" type=\"text\" name=\"COMUNIDAD\" \/><\/span> <\/label>\n<\/p>\n<p><label> <b>N\u00daMERO DE C\u00c9DULA DE CIUDADANIA*<\/b><br \/>\n<span class=\"wpcf7-form-control-wrap\" data-name=\"CEDULA\"><input size=\"40\" maxlength=\"400\" class=\"wpcf7-form-control wpcf7-text wpcf7-validates-as-required\" aria-required=\"true\" aria-invalid=\"false\" value=\"\" type=\"text\" name=\"CEDULA\" \/><\/span> <\/label>\n<\/p>\n<p><label> <b>EMAIL*<\/b><br \/>\n<span class=\"wpcf7-form-control-wrap\" data-name=\"your-email\"><input size=\"40\" maxlength=\"400\" class=\"wpcf7-form-control wpcf7-email wpcf7-validates-as-required wpcf7-text wpcf7-validates-as-email\" autocomplete=\"email\" aria-required=\"true\" aria-invalid=\"false\" value=\"\" type=\"email\" name=\"your-email\" \/><\/span> <\/label>\n<\/p>\n<p><label> <b>N\u00daMERO DE CELULAR*<\/b><br \/>\n<span class=\"wpcf7-form-control-wrap\" data-name=\"CELULAR\"><input size=\"40\" maxlength=\"400\" class=\"wpcf7-form-control wpcf7-text wpcf7-validates-as-required\" aria-required=\"true\" aria-invalid=\"false\" value=\"\" type=\"text\" name=\"CELULAR\" \/><\/span> <\/label>\n<\/p>\n<p><label> <b>FORMULACI\u00d3N DE PREGUNTAS EL \u00c1REA AGROPRODUCTIVA<\/b><br \/>\n<span class=\"wpcf7-form-control-wrap\" data-name=\"AGRO\"><textarea cols=\"40\" rows=\"10\" maxlength=\"2000\" class=\"wpcf7-form-control wpcf7-textarea\" aria-invalid=\"false\" name=\"AGRO\"><\/textarea><\/span> <\/label>\n<\/p>\n<p><label> <b>FORMULACI\u00d3N DE PREGUNTAS EN EL \u00c1REA DE INFRAESTRUCTURA COMUNITARIA<\/b><br \/>\n<span class=\"wpcf7-form-control-wrap\" data-name=\"INFRA\"><textarea cols=\"40\" rows=\"10\" maxlength=\"2000\" class=\"wpcf7-form-control wpcf7-textarea\" aria-invalid=\"false\" name=\"INFRA\"><\/textarea><\/span> <\/label>\n<\/p>\n<p><label> <b>FORMULACI\u00d3N DE PREGUNTAS EN EL \u00c1REA DE TURISMO <\/b><br \/>\n<span class=\"wpcf7-form-control-wrap\" data-name=\"TURISMO\"><textarea cols=\"40\" rows=\"10\" maxlength=\"2000\" class=\"wpcf7-form-control wpcf7-textarea\" aria-invalid=\"false\" name=\"TURISMO\"><\/textarea><\/span> <\/label>\n<\/p>\n<p><label> <b>FORMULACI\u00d3N DE PREGUNTAS EN EL \u00c1REA DE ATENCI\u00d3N A GRUPOS PRIORITARIOS <\/b><br \/>\n<span class=\"wpcf7-form-control-wrap\" data-name=\"PRIORI\"><textarea cols=\"40\" rows=\"10\" maxlength=\"2000\" class=\"wpcf7-form-control wpcf7-textarea\" aria-invalid=\"false\" name=\"PRIORI\"><\/textarea><\/span> <\/label>\n<\/p>\n<p><label> <b>FORMULACI\u00d3N DE PREGUNTAS EN EL \u00c1REA DE CONTROL Y USO DEL SUELO. <\/b><br \/>\n<span class=\"wpcf7-form-control-wrap\" data-name=\"SUELO\"><textarea cols=\"40\" rows=\"10\" maxlength=\"2000\" class=\"wpcf7-form-control wpcf7-textarea\" aria-invalid=\"false\" name=\"SUELO\"><\/textarea><\/span> <\/label>\n<\/p>\n<p><label> <b>FORMULACI\u00d3N DE PREGUNTAS EN EL \u00c1REA ADMINISTRATIVA<\/b><br \/>\n<span class=\"wpcf7-form-control-wrap\" data-name=\"ADMIN\"><textarea cols=\"40\" rows=\"10\" maxlength=\"2000\" class=\"wpcf7-form-control wpcf7-textarea\" aria-invalid=\"false\" name=\"ADMIN\"><\/textarea><\/span> <\/label>\n<\/p>\n<p><label> <b>FORMULACI\u00d3N DE PREGUNTAS EN EL \u00c1REA DE VIALIDAD <\/b><br \/>\n<span class=\"wpcf7-form-control-wrap\" data-name=\"VIALIDAD\"><textarea cols=\"40\" rows=\"10\" maxlength=\"2000\" class=\"wpcf7-form-control wpcf7-textarea\" aria-invalid=\"false\" name=\"VIALIDAD\"><\/textarea><\/span> <\/label>\n<\/p>\n<p><label> <b>FORMULACI\u00d3N DE PREGUNTAS AL PRESIDENTE*<\/b><br \/>\nEn esta sesi\u00f3n se invita a formular preguntas a la m\u00e1xima autoridad del GAD Parroquial San Bartolom\u00e9, en funci\u00f3n de la propuesta de Plan de Trabajo presentado al CNE.<br \/>\nSobre los temas que desea que la Autoridad rinda cuentas.<br \/>\n<span class=\"wpcf7-form-control-wrap\" data-name=\"PRESIDENTE\"><textarea cols=\"40\" rows=\"10\" maxlength=\"2000\" class=\"wpcf7-form-control wpcf7-textarea wpcf7-validates-as-required\" aria-required=\"true\" aria-invalid=\"false\" name=\"PRESIDENTE\"><\/textarea><\/span> <\/label>\n<\/p>\n<p><label> <b>FORMULACI\u00d3N DE PREGUNTAS A VOCALES*<\/b><br \/>\nEn esta sesi\u00f3n se invita a la ciudadan\u00eda a formular preguntas a Vocales del GAD Parroquial en funci\u00f3n de sus funciones y atribuciones. Sobre los temas que la ciudadan\u00eda desea que rindan cuentas.<br \/>\n<span class=\"wpcf7-form-control-wrap\" data-name=\"VOCALES\"><textarea cols=\"40\" rows=\"10\" maxlength=\"2000\" class=\"wpcf7-form-control wpcf7-textarea wpcf7-validates-as-required\" aria-required=\"true\" aria-invalid=\"false\" name=\"VOCALES\"><\/textarea><\/span> <\/label>\n<\/p>\n<p><input class=\"wpcf7-form-control wpcf7-submit has-spinner\" type=\"submit\" value=\"Enviar\" \/>\n<\/p><div class=\"wpcf7-response-output\" aria-hidden=\"true\"><\/div>\n<\/form>\n<\/div>\n\n","protected":false},"excerpt":{"rendered":"NOMBRES Y APELLIDOS * COMUNIDAD* N\u00daMERO DE C\u00c9DULA DE CIUDADANIA* EMAIL* N\u00daMERO DE CELULAR* FORMULACI\u00d3N DE PREGUNTAS EL \u00c1REA AGROPRODUCTIVA FORMULACI\u00d3N DE PREGUNTAS EN EL \u00c1REA DE INFRAESTRUCTURA COMUNITARIA FORMULACI\u00d3N DE PREGUNTAS EN EL \u00c1REA DE TURISMO FORMULACI\u00d3N DE PREGUNTAS EN EL \u00c1REA DE ATENCI\u00d3N A GRUPOS PRIORITARIOS FORMULACI\u00d3N DE PREGUNTAS EN EL \u00c1REA DE [...]","protected":false},"author":6,"featured_media":0,"parent":0,"menu_order":0,"comment_status":"closed","ping_status":"closed","template":"","meta":{"_joinchat":[],"footnotes":""},"yst_prominent_words":[],"class_list":["post-3050","page","type-page","status-publish","hentry"],"_links":{"self":[{"href":"https:\/\/gpsanbartolome.gob.ec\/azuay\/wp-json\/wp\/v2\/pages\/3050","targetHints":{"allow":["GET"]}}],"collection":[{"href":"https:\/\/gpsanbartolome.gob.ec\/azuay\/wp-json\/wp\/v2\/pages"}],"about":[{"href":"https:\/\/gpsanbartolome.gob.ec\/azuay\/wp-json\/wp\/v2\/types\/page"}],"author":[{"embeddable":true,"href":"https:\/\/gpsanbartolome.gob.ec\/azuay\/wp-json\/wp\/v2\/users\/6"}],"replies":[{"embeddable":true,"href":"https:\/\/gpsanbartolome.gob.ec\/azuay\/wp-json\/wp\/v2\/comments?post=3050"}],"version-history":[{"count":1,"href":"https:\/\/gpsanbartolome.gob.ec\/azuay\/wp-json\/wp\/v2\/pages\/3050\/revisions"}],"predecessor-version":[{"id":3052,"href":"https:\/\/gpsanbartolome.gob.ec\/azuay\/wp-json\/wp\/v2\/pages\/3050\/revisions\/3052"}],"wp:attachment":[{"href":"https:\/\/gpsanbartolome.gob.ec\/azuay\/wp-json\/wp\/v2\/media?parent=3050"}],"wp:term":[{"taxonomy":"yst_prominent_words","embeddable":true,"href":"https:\/\/gpsanbartolome.gob.ec\/azuay\/wp-json\/wp\/v2\/yst_prominent_words?post=3050"}],"curies":[{"name":"wp","href":"https:\/\/api.w.org\/{rel}","templated":true}]}}