{"id":387,"date":"2017-01-30T20:40:19","date_gmt":"2017-01-31T00:40:19","guid":{"rendered":"http:\/\/gpsanbartolome.gob.ec\/azuay\/?page_id=387"},"modified":"2018-04-25T11:35:44","modified_gmt":"2018-04-25T15:35:44","slug":"rendicion-de-cuentas-2017","status":"publish","type":"page","link":"https:\/\/gpsanbartolome.gob.ec\/azuay\/rendicion-de-cuentas-2017\/","title":{"rendered":"Rendici\u00f3n de Cuentas 2017"},"content":{"rendered":"<p>INFORME DE RENDICI\u00d3N DE CUENTAS A\u00d1O 2017<\/p>\n<p><a href=\"http:\/\/gpsanbartolome.gob.ec\/azuay\/wp-content\/uploads\/2017\/01\/RENDICI\u00d3N-DE-CUENTAS-A\u00d1O-2017.pdf\">RENDICI\u00d3N DE CUENTAS A\u00d1O 2017<\/a><\/p>\n<p>ACTAS DE SOCIALIZACION.<\/p>\n<p><a href=\"http:\/\/gpsanbartolome.gob.ec\/azuay\/wp-content\/uploads\/2017\/01\/ACTA-DE-CONFORMACION-DE-EQUIPO-TECNICO.pdf\">ACTA DE CONFORMACION DE EQUIPO TECNICO<\/a><\/p>\n<p><a href=\"http:\/\/gpsanbartolome.gob.ec\/azuay\/wp-content\/uploads\/2017\/01\/ACTA-DE-SOCIALIZACION.pdf\">ACTA DE SOCIALIZACION<\/a><\/p>\n<p>&nbsp;<\/p>\n<p><img loading=\"lazy\" decoding=\"async\" class=\"alignnone  wp-image-1291\" src=\"http:\/\/gpsanbartolome.gob.ec\/azuay\/wp-content\/uploads\/2017\/01\/RENDICION-DE-CUENTAS-2-550x413.jpg\" alt=\"\" width=\"458\" height=\"344\" data-id=\"1291\" srcset=\"https:\/\/gpsanbartolome.gob.ec\/azuay\/wp-content\/uploads\/2017\/01\/RENDICION-DE-CUENTAS-2-550x413.jpg 550w, https:\/\/gpsanbartolome.gob.ec\/azuay\/wp-content\/uploads\/2017\/01\/RENDICION-DE-CUENTAS-2.jpg 700w\" sizes=\"auto, (max-width: 458px) 100vw, 458px\" \/> <img loading=\"lazy\" decoding=\"async\" class=\"alignnone  wp-image-1292\" src=\"http:\/\/gpsanbartolome.gob.ec\/azuay\/wp-content\/uploads\/2017\/01\/RENDICION-DE-CUENTAS-550x733.jpg\" alt=\"\" width=\"257\" height=\"342\" data-id=\"1292\" srcset=\"https:\/\/gpsanbartolome.gob.ec\/azuay\/wp-content\/uploads\/2017\/01\/RENDICION-DE-CUENTAS-550x733.jpg 550w, https:\/\/gpsanbartolome.gob.ec\/azuay\/wp-content\/uploads\/2017\/01\/RENDICION-DE-CUENTAS.jpg 700w\" sizes=\"auto, (max-width: 257px) 100vw, 257px\" \/><\/p>\n","protected":false},"excerpt":{"rendered":"<p>INFORME DE RENDICI\u00d3N DE CUENTAS A\u00d1O 2017 RENDICI\u00d3N DE CUENTAS A\u00d1O 2017 ACTAS DE SOCIALIZACION. ACTA DE CONFORMACION DE EQUIPO TECNICO ACTA DE SOCIALIZACION &nbsp;<\/p>\n","protected":false},"author":6,"featured_media":0,"parent":0,"menu_order":0,"comment_status":"closed","ping_status":"closed","template":"","meta":{"_joinchat":[],"footnotes":""},"yst_prominent_words":[],"class_list":["post-387","page","type-page","status-publish","hentry"],"_links":{"self":[{"href":"https:\/\/gpsanbartolome.gob.ec\/azuay\/wp-json\/wp\/v2\/pages\/387","targetHints":{"allow":["GET"]}}],"collection":[{"href":"https:\/\/gpsanbartolome.gob.ec\/azuay\/wp-json\/wp\/v2\/pages"}],"about":[{"href":"https:\/\/gpsanbartolome.gob.ec\/azuay\/wp-json\/wp\/v2\/types\/page"}],"author":[{"embeddable":true,"href":"https:\/\/gpsanbartolome.gob.ec\/azuay\/wp-json\/wp\/v2\/users\/6"}],"replies":[{"embeddable":true,"href":"https:\/\/gpsanbartolome.gob.ec\/azuay\/wp-json\/wp\/v2\/comments?post=387"}],"version-history":[{"count":4,"href":"https:\/\/gpsanbartolome.gob.ec\/azuay\/wp-json\/wp\/v2\/pages\/387\/revisions"}],"predecessor-version":[{"id":1293,"href":"https:\/\/gpsanbartolome.gob.ec\/azuay\/wp-json\/wp\/v2\/pages\/387\/revisions\/1293"}],"wp:attachment":[{"href":"https:\/\/gpsanbartolome.gob.ec\/azuay\/wp-json\/wp\/v2\/media?parent=387"}],"wp:term":[{"taxonomy":"yst_prominent_words","embeddable":true,"href":"https:\/\/gpsanbartolome.gob.ec\/azuay\/wp-json\/wp\/v2\/yst_prominent_words?post=387"}],"curies":[{"name":"wp","href":"https:\/\/api.w.org\/{rel}","templated":true}]}}